{"id":6644,"date":"2022-08-13T13:57:14","date_gmt":"2022-08-13T17:57:14","guid":{"rendered":"https:\/\/improgyp.com.ec\/ec\/?post_type=product&#038;p=6644"},"modified":"2022-08-13T13:57:15","modified_gmt":"2022-08-13T17:57:15","slug":"anclaje-shtt14-57-x-75-x-360-x-4mm","status":"publish","type":"product","link":"https:\/\/improgyp.com.ec\/ec\/product\/anclaje-shtt14-57-x-75-x-360-x-4mm\/","title":{"rendered":"ANCLAJE SHTT14 57 x 75 x 360 x 4mm"},"content":{"rendered":"<p>&nbsp;&nbsp;<\/p>\n","protected":false},"excerpt":{"rendered":"<p>Los anclajes son usualmente utilizados para la vinculaci\u00f3n de la estructura a la platea, adem\u00e1s de esto, otro de sus usos es como anclajes a\u00e9reos, seg\u00fan solicitaciones de ingenier\u00eda para otorgar mayor seguridad.<\/p>\n","protected":false},"featured_media":6645,"template":"","meta":{"_monsterinsights_skip_tracking":false,"_monsterinsights_sitenote_active":false,"_monsterinsights_sitenote_note":"","_monsterinsights_sitenote_category":0,"_joinchat":[]},"product_cat":[392],"product_tag":[393,394,395],"_links":{"self":[{"href":"https:\/\/improgyp.com.ec\/ec\/wp-json\/wp\/v3\/product\/6644"}],"collection":[{"href":"https:\/\/improgyp.com.ec\/ec\/wp-json\/wp\/v3\/product"}],"about":[{"href":"https:\/\/improgyp.com.ec\/ec\/wp-json\/wp\/v2\/types\/product"}],"wp:featuredmedia":[{"embeddable":true,"href":"https:\/\/improgyp.com.ec\/ec\/wp-json\/wp\/v2\/media\/6645"}],"wp:attachment":[{"href":"https:\/\/improgyp.com.ec\/ec\/wp-json\/wp\/v2\/media?parent=6644"}],"wp:term":[{"taxonomy":"product_cat","embeddable":true,"href":"https:\/\/improgyp.com.ec\/ec\/wp-json\/wp\/v2\/product_cat?post=6644"},{"taxonomy":"product_tag","embeddable":true,"href":"https:\/\/improgyp.com.ec\/ec\/wp-json\/wp\/v2\/product_tag?post=6644"}],"curies":[{"name":"wp","href":"https:\/\/api.w.org\/{rel}","templated":true}]}}