{"id":6607,"date":"2022-08-12T13:10:16","date_gmt":"2022-08-12T17:10:16","guid":{"rendered":"https:\/\/improgyp.com.ec\/ec\/?post_type=product&#038;p=6607"},"modified":"2022-08-12T13:10:16","modified_gmt":"2022-08-12T17:10:16","slug":"aplicador-de-cinta-homax-drywall","status":"publish","type":"product","link":"https:\/\/improgyp.com.ec\/ec\/product\/aplicador-de-cinta-homax-drywall\/","title":{"rendered":"Aplicador de Cinta Homax Drywall"},"content":{"rendered":"<p>&nbsp;&nbsp;<\/p>\n","protected":false},"excerpt":{"rendered":"<p>* Mejor venta de yeso Alba\u00f1iler\u00eda\/Remodelaci\u00f3n Banjo empaquetado con OX Pro esquina interior paleta llana para acabados<br \/>\n* Se aplica al mismo tiempo \u2013 Relleno de barro y cinta para banjo con cinta de barro, Ejecutar a trav\u00e9s de puerta y se aplican a velocidad de yeso articulaciones. yeso (hasta Alba\u00f1iler\u00eda \u2013 se aplica 10 pies de cinta en 10 segundos.<\/p>\n","protected":false},"featured_media":6608,"template":"","meta":{"_monsterinsights_skip_tracking":false,"_monsterinsights_sitenote_active":false,"_monsterinsights_sitenote_note":"","_monsterinsights_sitenote_category":0,"_joinchat":[]},"product_cat":[162],"product_tag":[374,144,105,373],"_links":{"self":[{"href":"https:\/\/improgyp.com.ec\/ec\/wp-json\/wp\/v3\/product\/6607"}],"collection":[{"href":"https:\/\/improgyp.com.ec\/ec\/wp-json\/wp\/v3\/product"}],"about":[{"href":"https:\/\/improgyp.com.ec\/ec\/wp-json\/wp\/v2\/types\/product"}],"wp:featuredmedia":[{"embeddable":true,"href":"https:\/\/improgyp.com.ec\/ec\/wp-json\/wp\/v2\/media\/6608"}],"wp:attachment":[{"href":"https:\/\/improgyp.com.ec\/ec\/wp-json\/wp\/v2\/media?parent=6607"}],"wp:term":[{"taxonomy":"product_cat","embeddable":true,"href":"https:\/\/improgyp.com.ec\/ec\/wp-json\/wp\/v2\/product_cat?post=6607"},{"taxonomy":"product_tag","embeddable":true,"href":"https:\/\/improgyp.com.ec\/ec\/wp-json\/wp\/v2\/product_tag?post=6607"}],"curies":[{"name":"wp","href":"https:\/\/api.w.org\/{rel}","templated":true}]}}