{"id":6599,"date":"2022-08-12T12:53:56","date_gmt":"2022-08-12T16:53:56","guid":{"rendered":"https:\/\/improgyp.com.ec\/ec\/?post_type=product&#038;p=6599"},"modified":"2022-08-12T12:53:56","modified_gmt":"2022-08-12T16:53:56","slug":"remachador-de-stud","status":"publish","type":"product","link":"https:\/\/improgyp.com.ec\/ec\/product\/remachador-de-stud\/","title":{"rendered":"Remachador de STUD"},"content":{"rendered":"<p>&nbsp;&nbsp;<\/p>\n","protected":false},"excerpt":{"rendered":"<p>El remachador de una mano se utiliza para los tama\u00f1os de mandril de remache de tuercas, adecuado para trabajos de reparaci\u00f3n en coches, barcos, muebles y m\u00e1quinas.<\/p>\n","protected":false},"featured_media":6600,"template":"","meta":{"_monsterinsights_skip_tracking":false,"_monsterinsights_sitenote_active":false,"_monsterinsights_sitenote_note":"","_monsterinsights_sitenote_category":0,"_joinchat":[]},"product_cat":[162],"product_tag":[366,367],"_links":{"self":[{"href":"https:\/\/improgyp.com.ec\/ec\/wp-json\/wp\/v3\/product\/6599"}],"collection":[{"href":"https:\/\/improgyp.com.ec\/ec\/wp-json\/wp\/v3\/product"}],"about":[{"href":"https:\/\/improgyp.com.ec\/ec\/wp-json\/wp\/v2\/types\/product"}],"wp:featuredmedia":[{"embeddable":true,"href":"https:\/\/improgyp.com.ec\/ec\/wp-json\/wp\/v2\/media\/6600"}],"wp:attachment":[{"href":"https:\/\/improgyp.com.ec\/ec\/wp-json\/wp\/v2\/media?parent=6599"}],"wp:term":[{"taxonomy":"product_cat","embeddable":true,"href":"https:\/\/improgyp.com.ec\/ec\/wp-json\/wp\/v2\/product_cat?post=6599"},{"taxonomy":"product_tag","embeddable":true,"href":"https:\/\/improgyp.com.ec\/ec\/wp-json\/wp\/v2\/product_tag?post=6599"}],"curies":[{"name":"wp","href":"https:\/\/api.w.org\/{rel}","templated":true}]}}