{"id":6597,"date":"2022-08-12T12:39:18","date_gmt":"2022-08-12T16:39:18","guid":{"rendered":"https:\/\/improgyp.com.ec\/ec\/?post_type=product&#038;p=6597"},"modified":"2022-08-12T12:39:18","modified_gmt":"2022-08-12T16:39:18","slug":"fajas-lumbares","status":"publish","type":"product","link":"https:\/\/improgyp.com.ec\/ec\/product\/fajas-lumbares\/","title":{"rendered":"Fajas Lumbares"},"content":{"rendered":"<p>&nbsp;&nbsp;<\/p>\n","protected":false},"excerpt":{"rendered":"<p>Las fajas lumbares son ideales para eliminar dolores, prevenir lesiones y ayudar en la recuperaci\u00f3n de las mismas. Funcionan produciendo un realineamiento de la curvatura normal de la espalda mediante compresi\u00f3n y, a su vez, proporcionan inmovilizaci\u00f3n, en mayor o menor grado (seg\u00fan su forma, materiales y dise\u00f1o). Este tipo de fajas tiene numerosas utilidades, como son el tratamiento de lesiones, el alivio de dolores, la asistencia a deportistas y la protecci\u00f3n de la espalda en determinados trabajos. En este sentido, contar con una faja lumbar puede marcar una importante diferencia en la salud \u00f3sea y muscular. Por esta raz\u00f3n, te compartimos una selecci\u00f3n de las fajas lumbares m\u00e1s destacadas de Amazon.Las fajas lumbares son ideales para eliminar dolores, prevenir lesiones y ayudar en la recuperaci\u00f3n de las mismas. <\/p>\n","protected":false},"featured_media":6598,"template":"","meta":{"_monsterinsights_skip_tracking":false,"_monsterinsights_sitenote_active":false,"_monsterinsights_sitenote_note":"","_monsterinsights_sitenote_category":0,"_joinchat":[]},"product_cat":[162],"product_tag":[364,365],"_links":{"self":[{"href":"https:\/\/improgyp.com.ec\/ec\/wp-json\/wp\/v3\/product\/6597"}],"collection":[{"href":"https:\/\/improgyp.com.ec\/ec\/wp-json\/wp\/v3\/product"}],"about":[{"href":"https:\/\/improgyp.com.ec\/ec\/wp-json\/wp\/v2\/types\/product"}],"wp:featuredmedia":[{"embeddable":true,"href":"https:\/\/improgyp.com.ec\/ec\/wp-json\/wp\/v2\/media\/6598"}],"wp:attachment":[{"href":"https:\/\/improgyp.com.ec\/ec\/wp-json\/wp\/v2\/media?parent=6597"}],"wp:term":[{"taxonomy":"product_cat","embeddable":true,"href":"https:\/\/improgyp.com.ec\/ec\/wp-json\/wp\/v2\/product_cat?post=6597"},{"taxonomy":"product_tag","embeddable":true,"href":"https:\/\/improgyp.com.ec\/ec\/wp-json\/wp\/v2\/product_tag?post=6597"}],"curies":[{"name":"wp","href":"https:\/\/api.w.org\/{rel}","templated":true}]}}