{"id":6578,"date":"2022-08-12T02:47:02","date_gmt":"2022-08-12T06:47:02","guid":{"rendered":"https:\/\/improgyp.com.ec\/ec\/?post_type=product&#038;p=6578"},"modified":"2022-08-12T02:47:03","modified_gmt":"2022-08-12T06:47:03","slug":"moldura-760-2mtx4cmx4-5cm","status":"publish","type":"product","link":"https:\/\/improgyp.com.ec\/ec\/product\/moldura-760-2mtx4cmx4-5cm\/","title":{"rendered":"Moldura #760 2mtx4cmx4.5cm"},"content":{"rendered":"<p>&nbsp;&nbsp;<\/p>\n","protected":false},"excerpt":{"rendered":"<p>* F\u00e1cil y r\u00e1pida colocaci\u00f3n<br \/>\n* Superlivianas y resistentes<\/p>\n","protected":false},"featured_media":6579,"template":"","meta":{"_monsterinsights_skip_tracking":false,"_monsterinsights_sitenote_active":false,"_monsterinsights_sitenote_note":"","_monsterinsights_sitenote_category":0,"_joinchat":[]},"product_cat":[359],"product_tag":[360],"_links":{"self":[{"href":"https:\/\/improgyp.com.ec\/ec\/wp-json\/wp\/v3\/product\/6578"}],"collection":[{"href":"https:\/\/improgyp.com.ec\/ec\/wp-json\/wp\/v3\/product"}],"about":[{"href":"https:\/\/improgyp.com.ec\/ec\/wp-json\/wp\/v2\/types\/product"}],"wp:featuredmedia":[{"embeddable":true,"href":"https:\/\/improgyp.com.ec\/ec\/wp-json\/wp\/v2\/media\/6579"}],"wp:attachment":[{"href":"https:\/\/improgyp.com.ec\/ec\/wp-json\/wp\/v2\/media?parent=6578"}],"wp:term":[{"taxonomy":"product_cat","embeddable":true,"href":"https:\/\/improgyp.com.ec\/ec\/wp-json\/wp\/v2\/product_cat?post=6578"},{"taxonomy":"product_tag","embeddable":true,"href":"https:\/\/improgyp.com.ec\/ec\/wp-json\/wp\/v2\/product_tag?post=6578"}],"curies":[{"name":"wp","href":"https:\/\/api.w.org\/{rel}","templated":true}]}}