{"id":6499,"date":"2022-08-10T01:45:20","date_gmt":"2022-08-10T05:45:20","guid":{"rendered":"https:\/\/improgyp.com.ec\/ec\/?post_type=product&#038;p=6499"},"modified":"2022-08-10T01:45:22","modified_gmt":"2022-08-10T05:45:22","slug":"espatula-p-gypsum-acero-alto-8","status":"publish","type":"product","link":"https:\/\/improgyp.com.ec\/ec\/product\/espatula-p-gypsum-acero-alto-8\/","title":{"rendered":"Espatula P\/Gypsum Acero Alto  8\u00bb"},"content":{"rendered":"<p>&nbsp;&nbsp;<\/p>\n","protected":false},"excerpt":{"rendered":"<p>Uso en la construcci\u00f3n, carpinter\u00eda  y mec\u00e1nica.<\/p>\n","protected":false},"featured_media":6500,"template":"","meta":{"_monsterinsights_skip_tracking":false,"_monsterinsights_sitenote_active":false,"_monsterinsights_sitenote_note":"","_monsterinsights_sitenote_category":0,"_joinchat":[]},"product_cat":[162],"product_tag":[109,329],"_links":{"self":[{"href":"https:\/\/improgyp.com.ec\/ec\/wp-json\/wp\/v3\/product\/6499"}],"collection":[{"href":"https:\/\/improgyp.com.ec\/ec\/wp-json\/wp\/v3\/product"}],"about":[{"href":"https:\/\/improgyp.com.ec\/ec\/wp-json\/wp\/v2\/types\/product"}],"wp:featuredmedia":[{"embeddable":true,"href":"https:\/\/improgyp.com.ec\/ec\/wp-json\/wp\/v2\/media\/6500"}],"wp:attachment":[{"href":"https:\/\/improgyp.com.ec\/ec\/wp-json\/wp\/v2\/media?parent=6499"}],"wp:term":[{"taxonomy":"product_cat","embeddable":true,"href":"https:\/\/improgyp.com.ec\/ec\/wp-json\/wp\/v2\/product_cat?post=6499"},{"taxonomy":"product_tag","embeddable":true,"href":"https:\/\/improgyp.com.ec\/ec\/wp-json\/wp\/v2\/product_tag?post=6499"}],"curies":[{"name":"wp","href":"https:\/\/api.w.org\/{rel}","templated":true}]}}