{"id":6454,"date":"2022-08-09T02:02:05","date_gmt":"2022-08-09T06:02:05","guid":{"rendered":"https:\/\/improgyp.com.ec\/ec\/?post_type=product&#038;p=6454"},"modified":"2022-08-09T02:05:31","modified_gmt":"2022-08-09T06:05:31","slug":"empaste-supremo-interior-blanco-20kg","status":"publish","type":"product","link":"https:\/\/improgyp.com.ec\/ec\/product\/empaste-supremo-interior-blanco-20kg\/","title":{"rendered":"Empaste Supremo Interior Blanco 20kg"},"content":{"rendered":"<p>&nbsp;<\/p>\n","protected":false},"excerpt":{"rendered":"<p>Empaste supremo para interiores, desarrollado con la mejor tecnolog\u00eda del momento. Dise\u00f1ado con resina acr\u00edlica de alto desempe\u00f1o y resistencia. Alcanza un excelente acabado y gran capacidad de emporamiento sobre superficies enlucidas. Recubrimiento formulado para rellenar y corregir imperfecciones previa aplicaci\u00f3n del acabado.<\/p>\n","protected":false},"featured_media":6457,"template":"","meta":{"_monsterinsights_skip_tracking":false,"_monsterinsights_sitenote_active":false,"_monsterinsights_sitenote_note":"","_monsterinsights_sitenote_category":0,"_joinchat":[]},"product_cat":[95],"product_tag":[309,306,308,307],"_links":{"self":[{"href":"https:\/\/improgyp.com.ec\/ec\/wp-json\/wp\/v3\/product\/6454"}],"collection":[{"href":"https:\/\/improgyp.com.ec\/ec\/wp-json\/wp\/v3\/product"}],"about":[{"href":"https:\/\/improgyp.com.ec\/ec\/wp-json\/wp\/v2\/types\/product"}],"wp:featuredmedia":[{"embeddable":true,"href":"https:\/\/improgyp.com.ec\/ec\/wp-json\/wp\/v2\/media\/6457"}],"wp:attachment":[{"href":"https:\/\/improgyp.com.ec\/ec\/wp-json\/wp\/v2\/media?parent=6454"}],"wp:term":[{"taxonomy":"product_cat","embeddable":true,"href":"https:\/\/improgyp.com.ec\/ec\/wp-json\/wp\/v2\/product_cat?post=6454"},{"taxonomy":"product_tag","embeddable":true,"href":"https:\/\/improgyp.com.ec\/ec\/wp-json\/wp\/v2\/product_tag?post=6454"}],"curies":[{"name":"wp","href":"https:\/\/api.w.org\/{rel}","templated":true}]}}