{"id":6430,"date":"2022-08-08T01:04:17","date_gmt":"2022-08-08T05:04:17","guid":{"rendered":"https:\/\/improgyp.com.ec\/ec\/?post_type=product&#038;p=6430"},"modified":"2022-08-08T01:08:50","modified_gmt":"2022-08-08T05:08:50","slug":"sika-boom-s-500ml-tarro","status":"publish","type":"product","link":"https:\/\/improgyp.com.ec\/ec\/product\/sika-boom-s-500ml-tarro\/","title":{"rendered":"Sika Boom  S 500ml Tarro"},"content":{"rendered":"<p>&nbsp;&nbsp;<\/p>\n","protected":false},"excerpt":{"rendered":"<p>Espuma Expansiva de Poliuretano Para Fijaciones, Aislamiento y Relleno. Act\u00faa Contra el Viento, Fr\u00edo y Corrientes de Aire. Espuma Expansiva de Poliuretano Para Fijaciones, Aislamiento y Relleno. Act\u00faa Contra el Viento, Fr\u00edo y Corrientes de Aire.<\/p>\n","protected":false},"featured_media":6431,"template":"","meta":{"_monsterinsights_skip_tracking":false,"_monsterinsights_sitenote_active":false,"_monsterinsights_sitenote_note":"","_monsterinsights_sitenote_category":0,"_joinchat":[]},"product_cat":[97],"product_tag":[151,297,296],"_links":{"self":[{"href":"https:\/\/improgyp.com.ec\/ec\/wp-json\/wp\/v3\/product\/6430"}],"collection":[{"href":"https:\/\/improgyp.com.ec\/ec\/wp-json\/wp\/v3\/product"}],"about":[{"href":"https:\/\/improgyp.com.ec\/ec\/wp-json\/wp\/v2\/types\/product"}],"wp:featuredmedia":[{"embeddable":true,"href":"https:\/\/improgyp.com.ec\/ec\/wp-json\/wp\/v2\/media\/6431"}],"wp:attachment":[{"href":"https:\/\/improgyp.com.ec\/ec\/wp-json\/wp\/v2\/media?parent=6430"}],"wp:term":[{"taxonomy":"product_cat","embeddable":true,"href":"https:\/\/improgyp.com.ec\/ec\/wp-json\/wp\/v2\/product_cat?post=6430"},{"taxonomy":"product_tag","embeddable":true,"href":"https:\/\/improgyp.com.ec\/ec\/wp-json\/wp\/v2\/product_tag?post=6430"}],"curies":[{"name":"wp","href":"https:\/\/api.w.org\/{rel}","templated":true}]}}