{"id":6244,"date":"2020-05-04T16:10:46","date_gmt":"2020-05-04T20:10:46","guid":{"rendered":"https:\/\/improgyp.com\/ec\/?post_type=product&#038;p=6244"},"modified":"2022-08-08T23:52:18","modified_gmt":"2022-08-09T03:52:18","slug":"barrera-de-vapor","status":"publish","type":"product","link":"https:\/\/improgyp.com.ec\/ec\/product\/barrera-de-vapor\/","title":{"rendered":"Barrera de Vapor"},"content":{"rendered":"<p>La membrana hidr\u00f3fuga respirable de PROVIND protege durante la construcci\u00f3n y a lo largo de la vida \u00fatil de su edificaci\u00f3n, gracias a su tecnolog\u00eda dual.<\/p>\n","protected":false},"excerpt":{"rendered":"<p>Se utiliza como protecci\u00f3n de la estructura galvanizada y el aislamiento t\u00e9rmico ac\u00fastico en paredes exteriores o techos con el sistema constructivo Steel Frame.<\/p>\n","protected":false},"featured_media":6245,"template":"","meta":{"_monsterinsights_skip_tracking":false,"_monsterinsights_sitenote_active":false,"_monsterinsights_sitenote_note":"","_monsterinsights_sitenote_category":0,"_joinchat":[]},"product_cat":[96],"product_tag":[291,144,148,292],"_links":{"self":[{"href":"https:\/\/improgyp.com.ec\/ec\/wp-json\/wp\/v3\/product\/6244"}],"collection":[{"href":"https:\/\/improgyp.com.ec\/ec\/wp-json\/wp\/v3\/product"}],"about":[{"href":"https:\/\/improgyp.com.ec\/ec\/wp-json\/wp\/v2\/types\/product"}],"wp:featuredmedia":[{"embeddable":true,"href":"https:\/\/improgyp.com.ec\/ec\/wp-json\/wp\/v2\/media\/6245"}],"wp:attachment":[{"href":"https:\/\/improgyp.com.ec\/ec\/wp-json\/wp\/v2\/media?parent=6244"}],"wp:term":[{"taxonomy":"product_cat","embeddable":true,"href":"https:\/\/improgyp.com.ec\/ec\/wp-json\/wp\/v2\/product_cat?post=6244"},{"taxonomy":"product_tag","embeddable":true,"href":"https:\/\/improgyp.com.ec\/ec\/wp-json\/wp\/v2\/product_tag?post=6244"}],"curies":[{"name":"wp","href":"https:\/\/api.w.org\/{rel}","templated":true}]}}