{"id":6067,"date":"2020-04-23T16:38:05","date_gmt":"2020-04-23T20:38:05","guid":{"rendered":"https:\/\/improgyp.com\/ec\/?post_type=product&#038;p=6067"},"modified":"2022-06-29T17:42:39","modified_gmt":"2022-06-29T21:42:39","slug":"f60","status":"publish","type":"product","link":"https:\/\/improgyp.com.ec\/ec\/product\/f60\/","title":{"rendered":"F60"},"content":{"rendered":"<p>Este sistema consiste en un perfil met\u00e1lico de alta calidad, fabricado en l\u00e1mina de acero galvanizado mediante procesos de perfilaci\u00f3n en fr\u00edo en espesores de 0.45 &#8211; 0.70 mm y sus accesorios de instalaci\u00f3n seg\u00fan el caso tanto para paredes y tumbados en los que se requiera revestir superficies con imperfecciones u ocultar tuberias y cableado.<\/p>\n","protected":false},"excerpt":{"rendered":"<p>Este sistema consiste en un perfil met\u00e1lico de alta calidad, fabricado en l\u00e1mina de acero galvanizado mediante procesos de perfilaci\u00f3n en fr\u00edo en espesores de 0.45 &#8211; 0.70 mm y sus accesorios de instalaci\u00f3n seg\u00fan el caso tanto para paredes y tumbados en los que se requiera revestir superficies con imperfecciones u ocultar tuberias y [&hellip;]<\/p>\n","protected":false},"featured_media":6068,"template":"","meta":{"_monsterinsights_skip_tracking":false,"_monsterinsights_sitenote_active":false,"_monsterinsights_sitenote_note":"","_monsterinsights_sitenote_category":0,"_joinchat":[]},"product_cat":[93],"product_tag":[177,100],"_links":{"self":[{"href":"https:\/\/improgyp.com.ec\/ec\/wp-json\/wp\/v3\/product\/6067"}],"collection":[{"href":"https:\/\/improgyp.com.ec\/ec\/wp-json\/wp\/v3\/product"}],"about":[{"href":"https:\/\/improgyp.com.ec\/ec\/wp-json\/wp\/v2\/types\/product"}],"wp:featuredmedia":[{"embeddable":true,"href":"https:\/\/improgyp.com.ec\/ec\/wp-json\/wp\/v2\/media\/6068"}],"wp:attachment":[{"href":"https:\/\/improgyp.com.ec\/ec\/wp-json\/wp\/v2\/media?parent=6067"}],"wp:term":[{"taxonomy":"product_cat","embeddable":true,"href":"https:\/\/improgyp.com.ec\/ec\/wp-json\/wp\/v2\/product_cat?post=6067"},{"taxonomy":"product_tag","embeddable":true,"href":"https:\/\/improgyp.com.ec\/ec\/wp-json\/wp\/v2\/product_tag?post=6067"}],"curies":[{"name":"wp","href":"https:\/\/api.w.org\/{rel}","templated":true}]}}