{"id":6063,"date":"2020-04-23T16:29:51","date_gmt":"2020-04-23T20:29:51","guid":{"rendered":"https:\/\/improgyp.com\/ec\/?post_type=product&#038;p=6063"},"modified":"2022-06-27T13:14:50","modified_gmt":"2022-06-27T17:14:50","slug":"f47","status":"publish","type":"product","link":"https:\/\/improgyp.com.ec\/ec\/product\/f47\/","title":{"rendered":"F47"},"content":{"rendered":"<ul>\n<li>R\u00e1pida Instalaci\u00f3n<\/li>\n<li>Mayor \u00e1rea para atornillar la placa<\/li>\n<li>Un solo perfil como principal y secundario<\/li>\n<li>F\u00e1cil correcci\u00f3n de la modulaci\u00f3n<\/li>\n<li>Reduce el uso de tornillos<\/li>\n<\/ul>\n","protected":false},"excerpt":{"rendered":"<p>Para proyectos de grandes magnitudes, el sistema para tumbados F47 es perfecto por ser f\u00e1cil y r\u00e1pido gracias a la t\u00e9cnica de sugesi\u00f3n por clic reduciendo un 40% el tiempo de ejecusi\u00f3n de la obra.<br \/>\nLiviano y eficiente, este sistema de construcci\u00f3n en seco se adecua a su necesidad arquitect\u00f3nica, sin l\u00edmites ya que otorga libertad absoluta a la hora de generar nuevos dise\u00f1os, obteniendo distintas alturas y formas.<\/p>\n","protected":false},"featured_media":6064,"template":"","meta":{"_monsterinsights_skip_tracking":false,"_monsterinsights_sitenote_active":false,"_monsterinsights_sitenote_note":"","_monsterinsights_sitenote_category":0,"_joinchat":[]},"product_cat":[93],"product_tag":[176,100],"_links":{"self":[{"href":"https:\/\/improgyp.com.ec\/ec\/wp-json\/wp\/v3\/product\/6063"}],"collection":[{"href":"https:\/\/improgyp.com.ec\/ec\/wp-json\/wp\/v3\/product"}],"about":[{"href":"https:\/\/improgyp.com.ec\/ec\/wp-json\/wp\/v2\/types\/product"}],"wp:featuredmedia":[{"embeddable":true,"href":"https:\/\/improgyp.com.ec\/ec\/wp-json\/wp\/v2\/media\/6064"}],"wp:attachment":[{"href":"https:\/\/improgyp.com.ec\/ec\/wp-json\/wp\/v2\/media?parent=6063"}],"wp:term":[{"taxonomy":"product_cat","embeddable":true,"href":"https:\/\/improgyp.com.ec\/ec\/wp-json\/wp\/v2\/product_cat?post=6063"},{"taxonomy":"product_tag","embeddable":true,"href":"https:\/\/improgyp.com.ec\/ec\/wp-json\/wp\/v2\/product_tag?post=6063"}],"curies":[{"name":"wp","href":"https:\/\/api.w.org\/{rel}","templated":true}]}}