{"id":6060,"date":"2020-04-23T14:27:06","date_gmt":"2020-04-23T18:27:06","guid":{"rendered":"https:\/\/improgyp.com\/ec\/?post_type=product&#038;p=6060"},"modified":"2022-06-27T13:14:02","modified_gmt":"2022-06-27T17:14:02","slug":"pintura-para-drywall","status":"publish","type":"product","link":"https:\/\/improgyp.com.ec\/ec\/product\/pintura-para-drywall\/","title":{"rendered":"Pintura para drywall"},"content":{"rendered":"<p>Alto cubrimiento.<br \/>\nLista para usar.<br \/>\nAlta opacidad.<br \/>\nExcelente control de goteo y salpicadura.<br \/>\nBuena nivelaci\u00f3n.<br \/>\nMinimiza empates entre placas de yeso (fotografiado).<br \/>\nExcelente rendimiento.<br \/>\nNo contiene formaldeh\u00eddo.<br \/>\nBajo olor y bajo VOC.<br \/>\nLibre de plomo, cromatos y mercurio.<br \/>\nBuena resistencia al frote h\u00famedo.<br \/>\nBuena resistencia a la alcalinidad.<br \/>\nF\u00e1cil aplicaci\u00f3n con la pistola, brocha o rodillo.<br \/>\nProtecci\u00f3n de la pintura seca contra moho y hongos.<br \/>\nNo es necesario consumir la totalidad del producto en una sola\u00a0aplicaci\u00f3n. Una vez utilizada una parte, guarde el sobrante, bien tapado y protegido, y \u00faselo cuando lo requiera<\/p>\n","protected":false},"excerpt":{"rendered":"<p>Es una pintura estireno &#8211; acr\u00edlica tipo 2, dise\u00f1ada con alta tecnolog\u00eda que brinda un excelente cubrimiento, rendimiento, nivelaci\u00f3n, durabilidad, lavabilidad y protecci\u00f3n contra hongos y moho.<br \/>\nPara uso interior. Puede ser aplicado sobre superficies nuevas o previamente pintadas, de mamposter\u00eda, placas de yeso, concreto y estucados.<\/p>\n","protected":false},"featured_media":6061,"template":"","meta":{"_monsterinsights_skip_tracking":false,"_monsterinsights_sitenote_active":false,"_monsterinsights_sitenote_note":"","_monsterinsights_sitenote_category":0,"_joinchat":[]},"product_cat":[174],"product_tag":[105,175],"_links":{"self":[{"href":"https:\/\/improgyp.com.ec\/ec\/wp-json\/wp\/v3\/product\/6060"}],"collection":[{"href":"https:\/\/improgyp.com.ec\/ec\/wp-json\/wp\/v3\/product"}],"about":[{"href":"https:\/\/improgyp.com.ec\/ec\/wp-json\/wp\/v2\/types\/product"}],"wp:featuredmedia":[{"embeddable":true,"href":"https:\/\/improgyp.com.ec\/ec\/wp-json\/wp\/v2\/media\/6061"}],"wp:attachment":[{"href":"https:\/\/improgyp.com.ec\/ec\/wp-json\/wp\/v2\/media?parent=6060"}],"wp:term":[{"taxonomy":"product_cat","embeddable":true,"href":"https:\/\/improgyp.com.ec\/ec\/wp-json\/wp\/v2\/product_cat?post=6060"},{"taxonomy":"product_tag","embeddable":true,"href":"https:\/\/improgyp.com.ec\/ec\/wp-json\/wp\/v2\/product_tag?post=6060"}],"curies":[{"name":"wp","href":"https:\/\/api.w.org\/{rel}","templated":true}]}}