{"id":6054,"date":"2020-04-23T13:54:50","date_gmt":"2020-04-23T17:54:50","guid":{"rendered":"https:\/\/improgyp.com\/ec\/?post_type=product&#038;p=6054"},"modified":"2022-06-30T16:04:43","modified_gmt":"2022-06-30T20:04:43","slug":"pistola-a-gas-para-fijacion-drywall","status":"publish","type":"product","link":"https:\/\/improgyp.com.ec\/ec\/product\/pistola-a-gas-para-fijacion-drywall\/","title":{"rendered":"Pistola a Gas para fijaci\u00f3n drywall"},"content":{"rendered":"<p>Tenemos un amplio stock de herramientas b\u00e1sicas y especiales para la instalaci\u00f3n del sistema liviano en seco.<\/p>\n","protected":false},"excerpt":{"rendered":"<p>Tenemos un amplio stock de herramientas b\u00e1sicas y especiales para la instalaci\u00f3n del sistema liviano en seco.<\/p>\n","protected":false},"featured_media":6055,"template":"","meta":{"_monsterinsights_skip_tracking":false,"_monsterinsights_sitenote_active":false,"_monsterinsights_sitenote_note":"","_monsterinsights_sitenote_category":0,"_joinchat":[]},"product_cat":[162],"product_tag":[105,171,163,170],"_links":{"self":[{"href":"https:\/\/improgyp.com.ec\/ec\/wp-json\/wp\/v3\/product\/6054"}],"collection":[{"href":"https:\/\/improgyp.com.ec\/ec\/wp-json\/wp\/v3\/product"}],"about":[{"href":"https:\/\/improgyp.com.ec\/ec\/wp-json\/wp\/v2\/types\/product"}],"wp:featuredmedia":[{"embeddable":true,"href":"https:\/\/improgyp.com.ec\/ec\/wp-json\/wp\/v2\/media\/6055"}],"wp:attachment":[{"href":"https:\/\/improgyp.com.ec\/ec\/wp-json\/wp\/v2\/media?parent=6054"}],"wp:term":[{"taxonomy":"product_cat","embeddable":true,"href":"https:\/\/improgyp.com.ec\/ec\/wp-json\/wp\/v2\/product_cat?post=6054"},{"taxonomy":"product_tag","embeddable":true,"href":"https:\/\/improgyp.com.ec\/ec\/wp-json\/wp\/v2\/product_tag?post=6054"}],"curies":[{"name":"wp","href":"https:\/\/api.w.org\/{rel}","templated":true}]}}