{"id":6048,"date":"2020-04-23T13:41:26","date_gmt":"2020-04-23T17:41:26","guid":{"rendered":"https:\/\/improgyp.com\/ec\/?post_type=product&#038;p=6048"},"modified":"2022-06-27T13:30:05","modified_gmt":"2022-06-27T17:30:05","slug":"zancos-para-instalacion-drywall","status":"publish","type":"product","link":"https:\/\/improgyp.com.ec\/ec\/product\/zancos-para-instalacion-drywall\/","title":{"rendered":"Zancos para instalaci\u00f3n Drywall"},"content":{"rendered":"<p>Tenemos un amplio stock de herramientas b\u00e1sicas y especiales para la instalaci\u00f3n del sistema liviano en seco.<\/p>\n","protected":false},"excerpt":{"rendered":"<p>Tenemos un amplio stock de herramientas b\u00e1sicas y especiales para la instalaci\u00f3n del sistema liviano en seco.<\/p>\n","protected":false},"featured_media":6049,"template":"","meta":{"_monsterinsights_skip_tracking":false,"_monsterinsights_sitenote_active":false,"_monsterinsights_sitenote_note":"","_monsterinsights_sitenote_category":0,"_joinchat":[]},"product_cat":[162],"product_tag":[105,163],"_links":{"self":[{"href":"https:\/\/improgyp.com.ec\/ec\/wp-json\/wp\/v3\/product\/6048"}],"collection":[{"href":"https:\/\/improgyp.com.ec\/ec\/wp-json\/wp\/v3\/product"}],"about":[{"href":"https:\/\/improgyp.com.ec\/ec\/wp-json\/wp\/v2\/types\/product"}],"wp:featuredmedia":[{"embeddable":true,"href":"https:\/\/improgyp.com.ec\/ec\/wp-json\/wp\/v2\/media\/6049"}],"wp:attachment":[{"href":"https:\/\/improgyp.com.ec\/ec\/wp-json\/wp\/v2\/media?parent=6048"}],"wp:term":[{"taxonomy":"product_cat","embeddable":true,"href":"https:\/\/improgyp.com.ec\/ec\/wp-json\/wp\/v2\/product_cat?post=6048"},{"taxonomy":"product_tag","embeddable":true,"href":"https:\/\/improgyp.com.ec\/ec\/wp-json\/wp\/v2\/product_tag?post=6048"}],"curies":[{"name":"wp","href":"https:\/\/api.w.org\/{rel}","templated":true}]}}