{"id":6019,"date":"2020-04-17T11:29:36","date_gmt":"2020-04-17T15:29:36","guid":{"rendered":"https:\/\/improgyp.com\/ec\/?post_type=product&#038;p=6019"},"modified":"2022-06-27T13:24:45","modified_gmt":"2022-06-27T17:24:45","slug":"frescasa","status":"publish","type":"product","link":"https:\/\/improgyp.com.ec\/ec\/product\/frescasa\/","title":{"rendered":"Frescasa"},"content":{"rendered":"<ul>\n<li>Excelente aislaci\u00f3n t\u00e9rmica<\/li>\n<li>M\u00e1xima Absorci\u00f3n ac\u00fastica<\/li>\n<li>Favorece el confort de los ambientes<\/li>\n<li>Incombustible e inorg\u00e1nico<\/li>\n<li>No genera olores<\/li>\n<li>F\u00e1cil de instalar<\/li>\n<li>Ayuda a reducir el consumo de energ\u00eda<\/li>\n<\/ul>\n","protected":false},"excerpt":{"rendered":"<p>Aislamiento termo ac\u00fastico de lana de vidrio.<\/p>\n","protected":false},"featured_media":6014,"template":"","meta":{"_monsterinsights_skip_tracking":false,"_monsterinsights_sitenote_active":false,"_monsterinsights_sitenote_note":"","_monsterinsights_sitenote_category":0,"_joinchat":[]},"product_cat":[97],"product_tag":[151,155],"_links":{"self":[{"href":"https:\/\/improgyp.com.ec\/ec\/wp-json\/wp\/v3\/product\/6019"}],"collection":[{"href":"https:\/\/improgyp.com.ec\/ec\/wp-json\/wp\/v3\/product"}],"about":[{"href":"https:\/\/improgyp.com.ec\/ec\/wp-json\/wp\/v2\/types\/product"}],"wp:featuredmedia":[{"embeddable":true,"href":"https:\/\/improgyp.com.ec\/ec\/wp-json\/wp\/v2\/media\/6014"}],"wp:attachment":[{"href":"https:\/\/improgyp.com.ec\/ec\/wp-json\/wp\/v2\/media?parent=6019"}],"wp:term":[{"taxonomy":"product_cat","embeddable":true,"href":"https:\/\/improgyp.com.ec\/ec\/wp-json\/wp\/v2\/product_cat?post=6019"},{"taxonomy":"product_tag","embeddable":true,"href":"https:\/\/improgyp.com.ec\/ec\/wp-json\/wp\/v2\/product_tag?post=6019"}],"curies":[{"name":"wp","href":"https:\/\/api.w.org\/{rel}","templated":true}]}}