{"id":5955,"date":"2020-04-16T15:42:26","date_gmt":"2020-04-16T19:42:26","guid":{"rendered":"https:\/\/improgyp.com\/ec\/?post_type=product&#038;p=5955"},"modified":"2020-04-16T15:42:26","modified_gmt":"2020-04-16T19:42:26","slug":"safeboard","status":"publish","type":"product","link":"https:\/\/improgyp.com.ec\/ec\/product\/safeboard\/","title":{"rendered":"Safeboard"},"content":{"rendered":"<p>Es una placa de yeso cart\u00f3n con caracter\u00edsticas de blindaje para la protecci\u00f3n radiol\u00f3gica a rayos X. La placa tiene un n\u00facleo compuesto de yeso y sulfato de Bario, de color amarillo para facilitar su inspecci\u00f3n en obra. Ademas es resistente al fuego y es un excelente aislante ac\u00fastico.<\/p>\n","protected":false},"excerpt":{"rendered":"<p>Placa de yeso cart\u00f3n con caracter\u00edsticas de blindaje para la protecci\u00f3n radiol\u00f3gica a rayos X.<\/p>\n","protected":false},"featured_media":5956,"template":"","meta":{"_monsterinsights_skip_tracking":false,"_monsterinsights_sitenote_active":false,"_monsterinsights_sitenote_note":"","_monsterinsights_sitenote_category":0,"_joinchat":[]},"product_cat":[94],"product_tag":[124,131],"_links":{"self":[{"href":"https:\/\/improgyp.com.ec\/ec\/wp-json\/wp\/v3\/product\/5955"}],"collection":[{"href":"https:\/\/improgyp.com.ec\/ec\/wp-json\/wp\/v3\/product"}],"about":[{"href":"https:\/\/improgyp.com.ec\/ec\/wp-json\/wp\/v2\/types\/product"}],"wp:featuredmedia":[{"embeddable":true,"href":"https:\/\/improgyp.com.ec\/ec\/wp-json\/wp\/v2\/media\/5956"}],"wp:attachment":[{"href":"https:\/\/improgyp.com.ec\/ec\/wp-json\/wp\/v2\/media?parent=5955"}],"wp:term":[{"taxonomy":"product_cat","embeddable":true,"href":"https:\/\/improgyp.com.ec\/ec\/wp-json\/wp\/v2\/product_cat?post=5955"},{"taxonomy":"product_tag","embeddable":true,"href":"https:\/\/improgyp.com.ec\/ec\/wp-json\/wp\/v2\/product_tag?post=5955"}],"curies":[{"name":"wp","href":"https:\/\/api.w.org\/{rel}","templated":true}]}}