{"id":5949,"date":"2020-04-16T15:26:44","date_gmt":"2020-04-16T19:26:44","guid":{"rendered":"https:\/\/improgyp.com\/ec\/?post_type=product&#038;p=5949"},"modified":"2022-06-27T13:23:48","modified_gmt":"2022-06-27T17:23:48","slug":"akustik","status":"publish","type":"product","link":"https:\/\/improgyp.com.ec\/ec\/product\/akustik\/","title":{"rendered":"Cleaneo Akustik"},"content":{"rendered":"<p>Las placas de yeso perforadas fonoabsorbentes Knauf Cleaneo Akustik, disponibles en una gran cantidad de dise\u00f1os, son especiales para todo tipo de sitios concurridos como restaurantes, escuelas, oficinas, hoteles y auditorios. Aportan confort por su doble acci\u00f3n: las perforaciones de las placas absorben el sonido y reducen la reverberaci\u00f3n. Adem\u00e1s act\u00faan como catalizador natural y eliminan olores y sustancias t\u00f3xicas del aire de forma sustentable. La alta tecnolog\u00eda aplicada se combina con un dise\u00f1o moderno y est\u00e9tico, tanto en cielorrasos como en revestimientos.<\/p>\n","protected":false},"excerpt":{"rendered":"<p>Las placas perforadas reducen de forma efectiva diversos agentes contaminantes.<\/p>\n","protected":false},"featured_media":5950,"template":"","meta":{"_monsterinsights_skip_tracking":false,"_monsterinsights_sitenote_active":false,"_monsterinsights_sitenote_note":"","_monsterinsights_sitenote_category":0,"_joinchat":[]},"product_cat":[94],"product_tag":[129,124],"_links":{"self":[{"href":"https:\/\/improgyp.com.ec\/ec\/wp-json\/wp\/v3\/product\/5949"}],"collection":[{"href":"https:\/\/improgyp.com.ec\/ec\/wp-json\/wp\/v3\/product"}],"about":[{"href":"https:\/\/improgyp.com.ec\/ec\/wp-json\/wp\/v2\/types\/product"}],"wp:featuredmedia":[{"embeddable":true,"href":"https:\/\/improgyp.com.ec\/ec\/wp-json\/wp\/v2\/media\/5950"}],"wp:attachment":[{"href":"https:\/\/improgyp.com.ec\/ec\/wp-json\/wp\/v2\/media?parent=5949"}],"wp:term":[{"taxonomy":"product_cat","embeddable":true,"href":"https:\/\/improgyp.com.ec\/ec\/wp-json\/wp\/v2\/product_cat?post=5949"},{"taxonomy":"product_tag","embeddable":true,"href":"https:\/\/improgyp.com.ec\/ec\/wp-json\/wp\/v2\/product_tag?post=5949"}],"curies":[{"name":"wp","href":"https:\/\/api.w.org\/{rel}","templated":true}]}}