{"id":5943,"date":"2020-04-16T14:11:49","date_gmt":"2020-04-16T18:11:49","guid":{"rendered":"https:\/\/improgyp.com\/ec\/?post_type=product&#038;p=5943"},"modified":"2022-06-27T13:08:35","modified_gmt":"2022-06-27T17:08:35","slug":"aquapanel","status":"publish","type":"product","link":"https:\/\/improgyp.com.ec\/ec\/product\/aquapanel\/","title":{"rendered":"Aquapanel"},"content":{"rendered":"<p>La placa Aquapanel Knauf Cement Board es una placa de cemento 100% resistente al agua, robusta e incombustible se compone de un alma de cemento Portland con aditivos aglomerantes y contenida con una malla de fibra de vidrio por ambas caras, los bordes son reforzados lo que la hace resistente a condiciones clim\u00e1ticas externas.<\/p>\n","protected":false},"excerpt":{"rendered":"<p>La Placa Knauf Aquapanel Cement Board es la alternativa ideal al tradicional m\u00e9todo de construcci\u00f3n con ladrillos, constituye una base solida, resistente al agua, de f\u00e1cil aplicaci\u00f3n y r\u00e1pida instalaci\u00f3n, lo que la hace apta para ser utilizada tanto en exteriores como interiores. Es \u00f3ptima para la rehabilitaci\u00f3n de fachadas, revestimientos de paredes y cualquier proyecto interior y exterior.<\/p>\n","protected":false},"featured_media":5944,"template":"","meta":{"_monsterinsights_skip_tracking":false,"_monsterinsights_sitenote_active":false,"_monsterinsights_sitenote_note":"","_monsterinsights_sitenote_category":0,"_joinchat":[]},"product_cat":[94],"product_tag":[127,124],"_links":{"self":[{"href":"https:\/\/improgyp.com.ec\/ec\/wp-json\/wp\/v3\/product\/5943"}],"collection":[{"href":"https:\/\/improgyp.com.ec\/ec\/wp-json\/wp\/v3\/product"}],"about":[{"href":"https:\/\/improgyp.com.ec\/ec\/wp-json\/wp\/v2\/types\/product"}],"wp:featuredmedia":[{"embeddable":true,"href":"https:\/\/improgyp.com.ec\/ec\/wp-json\/wp\/v2\/media\/5944"}],"wp:attachment":[{"href":"https:\/\/improgyp.com.ec\/ec\/wp-json\/wp\/v2\/media?parent=5943"}],"wp:term":[{"taxonomy":"product_cat","embeddable":true,"href":"https:\/\/improgyp.com.ec\/ec\/wp-json\/wp\/v2\/product_cat?post=5943"},{"taxonomy":"product_tag","embeddable":true,"href":"https:\/\/improgyp.com.ec\/ec\/wp-json\/wp\/v2\/product_tag?post=5943"}],"curies":[{"name":"wp","href":"https:\/\/api.w.org\/{rel}","templated":true}]}}