{"id":5932,"date":"2020-04-12T20:28:14","date_gmt":"2020-04-13T00:28:14","guid":{"rendered":"https:\/\/improgyp.com\/ec\/?post_type=product&#038;p=5932"},"modified":"2022-06-27T13:07:24","modified_gmt":"2022-06-27T17:07:24","slug":"fibra-mineral","status":"publish","type":"product","link":"https:\/\/improgyp.com.ec\/ec\/product\/fibra-mineral\/","title":{"rendered":"Fibra Mineral"},"content":{"rendered":"<p>Los cielos rasos americanos de fibra mineral especialmente formulados, ofrece excepcionales propiedades ac\u00fasticas, est\u00e9ticas y estructurales. Este cielo raso innovador utiliza una combinaci\u00f3n de tecnolog\u00edas Japonesa y Americana. La textura ligera del acabado m\u00e1s la pintura l\u00e1tex ultra blanca con aditivos repelentes al agua es la opci\u00f3n preferida entre arquitectos perspicaces y propietarios.<\/p>\n","protected":false},"excerpt":{"rendered":"<p>Este cielo raso innovador utiliza una combinaci\u00f3n de tecnolog\u00edas Japonesa y Americana.<\/p>\n","protected":false},"featured_media":5933,"template":"","meta":{"_monsterinsights_skip_tracking":false,"_monsterinsights_sitenote_active":false,"_monsterinsights_sitenote_note":"","_monsterinsights_sitenote_category":0,"_joinchat":[]},"product_cat":[94],"product_tag":[123,118],"_links":{"self":[{"href":"https:\/\/improgyp.com.ec\/ec\/wp-json\/wp\/v3\/product\/5932"}],"collection":[{"href":"https:\/\/improgyp.com.ec\/ec\/wp-json\/wp\/v3\/product"}],"about":[{"href":"https:\/\/improgyp.com.ec\/ec\/wp-json\/wp\/v2\/types\/product"}],"wp:featuredmedia":[{"embeddable":true,"href":"https:\/\/improgyp.com.ec\/ec\/wp-json\/wp\/v2\/media\/5933"}],"wp:attachment":[{"href":"https:\/\/improgyp.com.ec\/ec\/wp-json\/wp\/v2\/media?parent=5932"}],"wp:term":[{"taxonomy":"product_cat","embeddable":true,"href":"https:\/\/improgyp.com.ec\/ec\/wp-json\/wp\/v2\/product_cat?post=5932"},{"taxonomy":"product_tag","embeddable":true,"href":"https:\/\/improgyp.com.ec\/ec\/wp-json\/wp\/v2\/product_tag?post=5932"}],"curies":[{"name":"wp","href":"https:\/\/api.w.org\/{rel}","templated":true}]}}