{"id":5928,"date":"2020-04-12T20:19:18","date_gmt":"2020-04-13T00:19:18","guid":{"rendered":"https:\/\/improgyp.com\/ec\/?post_type=product&#038;p=5928"},"modified":"2022-06-27T13:06:10","modified_gmt":"2022-06-27T17:06:10","slug":"fibrocemento","status":"publish","type":"product","link":"https:\/\/improgyp.com.ec\/ec\/product\/fibrocemento\/","title":{"rendered":"Fibrocemento SUPERBOARD"},"content":{"rendered":"<p>Superboard\u00ae es una placa de cemento resistente a la humedad y el impacto que permite gran variedad de aplicaciones con mayor rapidez constructiva, poco peso y limpieza en la obra.<br \/>\nEst\u00e1 compuesta por una mezcla homog\u00e9nea de cemento, refuerzos org\u00e1nicos y agregados naturales, fabricada bajo altos est\u00e1ndares de calidad mediante un proceso de autoclave, donde se somete la placa a alta presi\u00f3n, temperatura y humedad, obteniendo una placa de gran<br \/>\nestabilidad dimensional y alta resistencia mec\u00e1nica.<\/p>\n","protected":false},"excerpt":{"rendered":"<p>Las placas de fibrocemento Superboard son un complemento en la construcci\u00f3n liviana, especificado en el uso de cielos rasos, muros, bases de techo, base de piso, cerramientos, fachadas.<\/p>\n","protected":false},"featured_media":6361,"template":"","meta":{"_monsterinsights_skip_tracking":false,"_monsterinsights_sitenote_active":false,"_monsterinsights_sitenote_note":"","_monsterinsights_sitenote_category":0,"_joinchat":[]},"product_cat":[94],"product_tag":[107,118,295],"_links":{"self":[{"href":"https:\/\/improgyp.com.ec\/ec\/wp-json\/wp\/v3\/product\/5928"}],"collection":[{"href":"https:\/\/improgyp.com.ec\/ec\/wp-json\/wp\/v3\/product"}],"about":[{"href":"https:\/\/improgyp.com.ec\/ec\/wp-json\/wp\/v2\/types\/product"}],"wp:featuredmedia":[{"embeddable":true,"href":"https:\/\/improgyp.com.ec\/ec\/wp-json\/wp\/v2\/media\/6361"}],"wp:attachment":[{"href":"https:\/\/improgyp.com.ec\/ec\/wp-json\/wp\/v2\/media?parent=5928"}],"wp:term":[{"taxonomy":"product_cat","embeddable":true,"href":"https:\/\/improgyp.com.ec\/ec\/wp-json\/wp\/v2\/product_cat?post=5928"},{"taxonomy":"product_tag","embeddable":true,"href":"https:\/\/improgyp.com.ec\/ec\/wp-json\/wp\/v2\/product_tag?post=5928"}],"curies":[{"name":"wp","href":"https:\/\/api.w.org\/{rel}","templated":true}]}}