{"id":5910,"date":"2020-04-12T18:53:43","date_gmt":"2020-04-12T22:53:43","guid":{"rendered":"https:\/\/improgyp.com\/ec\/?post_type=product&#038;p=5910"},"modified":"2022-06-27T13:02:34","modified_gmt":"2022-06-27T17:02:34","slug":"clip-nivelacion","status":"publish","type":"product","link":"https:\/\/improgyp.com.ec\/ec\/product\/clip-nivelacion\/","title":{"rendered":"Clip Nivelaci\u00f3n"},"content":{"rendered":"<p>Este clip esta fabricado en acero 1010 con tratamiento t\u00e9rmico y una capa de zinc electrol\u00edtio, este tratamiento le da la capacidad de resorteo lo que le permite asegurar la posici\u00f3n del alambre  al presionarlo y poder regular la altura con facilidad.<\/p>\n","protected":false},"excerpt":{"rendered":"<p>Este clip esta fabricado en acero 1010.<\/p>\n","protected":false},"featured_media":5911,"template":"","meta":{"_monsterinsights_skip_tracking":false,"_monsterinsights_sitenote_active":false,"_monsterinsights_sitenote_note":"","_monsterinsights_sitenote_category":0,"_joinchat":[]},"product_cat":[93],"product_tag":[112,113,100],"_links":{"self":[{"href":"https:\/\/improgyp.com.ec\/ec\/wp-json\/wp\/v3\/product\/5910"}],"collection":[{"href":"https:\/\/improgyp.com.ec\/ec\/wp-json\/wp\/v3\/product"}],"about":[{"href":"https:\/\/improgyp.com.ec\/ec\/wp-json\/wp\/v2\/types\/product"}],"wp:featuredmedia":[{"embeddable":true,"href":"https:\/\/improgyp.com.ec\/ec\/wp-json\/wp\/v2\/media\/5911"}],"wp:attachment":[{"href":"https:\/\/improgyp.com.ec\/ec\/wp-json\/wp\/v2\/media?parent=5910"}],"wp:term":[{"taxonomy":"product_cat","embeddable":true,"href":"https:\/\/improgyp.com.ec\/ec\/wp-json\/wp\/v2\/product_cat?post=5910"},{"taxonomy":"product_tag","embeddable":true,"href":"https:\/\/improgyp.com.ec\/ec\/wp-json\/wp\/v2\/product_tag?post=5910"}],"curies":[{"name":"wp","href":"https:\/\/api.w.org\/{rel}","templated":true}]}}