{"id":5907,"date":"2020-04-12T18:36:08","date_gmt":"2020-04-12T22:36:08","guid":{"rendered":"https:\/\/improgyp.com\/ec\/?post_type=product&#038;p=5907"},"modified":"2022-06-27T12:50:29","modified_gmt":"2022-06-27T16:50:29","slug":"track-curvas","status":"publish","type":"product","link":"https:\/\/improgyp.com.ec\/ec\/product\/track-curvas\/","title":{"rendered":"Track Curvas"},"content":{"rendered":"<p>Perfiler\u00eda en acero galvanizado para la estructura de tumbados y paredes con el sistema Drywall con este perfil moldeable usted podr\u00e1 realizar los m\u00e1s innovadores dise\u00f1os curvos tanto en tumbados como en paredes, permitiendo entregar sus obras con un excelente acabado y en menor tiempo.<\/p>\n","protected":false},"excerpt":{"rendered":"<p>Perfiler\u00eda en acero galvanizado.<\/p>\n","protected":false},"featured_media":5908,"template":"","meta":{"_monsterinsights_skip_tracking":false,"_monsterinsights_sitenote_active":false,"_monsterinsights_sitenote_note":"","_monsterinsights_sitenote_category":0,"_joinchat":[]},"product_cat":[93],"product_tag":[105,111,100],"_links":{"self":[{"href":"https:\/\/improgyp.com.ec\/ec\/wp-json\/wp\/v3\/product\/5907"}],"collection":[{"href":"https:\/\/improgyp.com.ec\/ec\/wp-json\/wp\/v3\/product"}],"about":[{"href":"https:\/\/improgyp.com.ec\/ec\/wp-json\/wp\/v2\/types\/product"}],"wp:featuredmedia":[{"embeddable":true,"href":"https:\/\/improgyp.com.ec\/ec\/wp-json\/wp\/v2\/media\/5908"}],"wp:attachment":[{"href":"https:\/\/improgyp.com.ec\/ec\/wp-json\/wp\/v2\/media?parent=5907"}],"wp:term":[{"taxonomy":"product_cat","embeddable":true,"href":"https:\/\/improgyp.com.ec\/ec\/wp-json\/wp\/v2\/product_cat?post=5907"},{"taxonomy":"product_tag","embeddable":true,"href":"https:\/\/improgyp.com.ec\/ec\/wp-json\/wp\/v2\/product_tag?post=5907"}],"curies":[{"name":"wp","href":"https:\/\/api.w.org\/{rel}","templated":true}]}}