{"id":5898,"date":"2020-04-12T17:20:00","date_gmt":"2020-04-12T21:20:00","guid":{"rendered":"https:\/\/improgyp.com\/ec\/?post_type=product&#038;p=5898"},"modified":"2022-06-27T13:00:37","modified_gmt":"2022-06-27T17:00:37","slug":"cielo-raso","status":"publish","type":"product","link":"https:\/\/improgyp.com.ec\/ec\/product\/cielo-raso\/","title":{"rendered":"Cielo Raso"},"content":{"rendered":"<p>Se instala suspendido del techo conforme a la norma ASTM\u2013C636 y soportan l\u00e1minas o plafones de diferentes materiales de acuerdo a cada aplicaci\u00f3n, tienen una capacidad de carga de 9,98Kg\/m2 (colganteo4&#8217;\/1,20m)<\/p>\n","protected":false},"excerpt":{"rendered":"<p>Los perfiles para cielo raso son importados, esta estructura elaborada en acero galvanizado por inmersi\u00f3n en caliente tiene un recubrimiento a la vista pintado de blanco, el dise\u00f1o de los clips override en las Tees conectoras es resistente a la torsi\u00f3n. <\/p>\n","protected":false},"featured_media":5899,"template":"","meta":{"_monsterinsights_skip_tracking":false,"_monsterinsights_sitenote_active":false,"_monsterinsights_sitenote_note":"","_monsterinsights_sitenote_category":0,"_joinchat":[]},"product_cat":[93],"product_tag":[108,100],"_links":{"self":[{"href":"https:\/\/improgyp.com.ec\/ec\/wp-json\/wp\/v3\/product\/5898"}],"collection":[{"href":"https:\/\/improgyp.com.ec\/ec\/wp-json\/wp\/v3\/product"}],"about":[{"href":"https:\/\/improgyp.com.ec\/ec\/wp-json\/wp\/v2\/types\/product"}],"wp:featuredmedia":[{"embeddable":true,"href":"https:\/\/improgyp.com.ec\/ec\/wp-json\/wp\/v2\/media\/5899"}],"wp:attachment":[{"href":"https:\/\/improgyp.com.ec\/ec\/wp-json\/wp\/v2\/media?parent=5898"}],"wp:term":[{"taxonomy":"product_cat","embeddable":true,"href":"https:\/\/improgyp.com.ec\/ec\/wp-json\/wp\/v2\/product_cat?post=5898"},{"taxonomy":"product_tag","embeddable":true,"href":"https:\/\/improgyp.com.ec\/ec\/wp-json\/wp\/v2\/product_tag?post=5898"}],"curies":[{"name":"wp","href":"https:\/\/api.w.org\/{rel}","templated":true}]}}