{"id":190,"date":"2014-04-01T06:05:03","date_gmt":"2014-04-01T04:05:03","guid":{"rendered":"http:\/\/hb-themes.com\/themes\/highend_wp\/?page_id=190"},"modified":"2022-06-29T16:15:35","modified_gmt":"2022-06-29T20:15:35","slug":"contactanos","status":"publish","type":"page","link":"https:\/\/improgyp.com.ec\/ec\/contactanos\/","title":{"rendered":"Cont\u00e1ctanos"},"content":{"rendered":"[vc_row][vc_column width=\u00bb2\/3&#8243;][vc_column_text]\n<div class=\"wpcf7 no-js\" id=\"wpcf7-f199-o1\" lang=\"en-US\" dir=\"ltr\">\n<div class=\"screen-reader-response\"><p role=\"status\" aria-live=\"polite\" aria-atomic=\"true\"><\/p> <ul><\/ul><\/div>\n<form action=\"\/ec\/wp-json\/wp\/v2\/pages\/190#wpcf7-f199-o1\" method=\"post\" class=\"wpcf7-form init\" aria-label=\"Contact form\" novalidate=\"novalidate\" data-status=\"init\">\n<div style=\"display: none;\">\n<input type=\"hidden\" name=\"_wpcf7\" value=\"199\" \/>\n<input type=\"hidden\" name=\"_wpcf7_version\" value=\"5.7.5.1\" \/>\n<input type=\"hidden\" name=\"_wpcf7_locale\" value=\"en_US\" \/>\n<input type=\"hidden\" name=\"_wpcf7_unit_tag\" value=\"wpcf7-f199-o1\" \/>\n<input type=\"hidden\" name=\"_wpcf7_container_post\" value=\"0\" \/>\n<input type=\"hidden\" name=\"_wpcf7_posted_data_hash\" value=\"\" \/>\n<\/div>\n<div class=\"row clearfix\">\n\t<div class=\"col-12\">\n\t\t<p><span class=\"wpcf7-form-control-wrap\" data-name=\"your-name\"><input size=\"40\" class=\"wpcf7-form-control wpcf7-text wpcf7-validates-as-required\" aria-required=\"true\" aria-invalid=\"false\" placeholder=\"Nombres\" value=\"\" type=\"text\" name=\"your-name\" \/><\/span>\n\t\t<\/p>\n\t<\/div>\n\t<div class=\"col-12\">\n\t\t<p><span class=\"wpcf7-form-control-wrap\" data-name=\"your-email\"><input size=\"40\" class=\"wpcf7-form-control wpcf7-text wpcf7-email wpcf7-validates-as-required wpcf7-validates-as-email\" aria-required=\"true\" aria-invalid=\"false\" placeholder=\"Email\" value=\"\" type=\"email\" name=\"your-email\" \/><\/span>\n\t\t<\/p>\n\t<\/div>\n\t<div class=\"col-12\">\n\t\t<p><span class=\"wpcf7-form-control-wrap\" data-name=\"tel-261\"><input size=\"40\" class=\"wpcf7-form-control wpcf7-text wpcf7-tel wpcf7-validates-as-required wpcf7-validates-as-tel\" id=\"phone\" aria-required=\"true\" aria-invalid=\"false\" placeholder=\"Celular\" value=\"\" type=\"tel\" name=\"tel-261\" \/><\/span>\n\t\t<\/p>\n\t<\/div>\n\t<div class=\"col-12\">\n\t\t<p><span class=\"wpcf7-form-control-wrap\" data-name=\"text-853\"><input size=\"40\" class=\"wpcf7-form-control wpcf7-text\" id=\"subject\" aria-invalid=\"false\" placeholder=\"Asunto\" value=\"\" type=\"text\" name=\"text-853\" \/><\/span>\n\t\t<\/p>\n\t<\/div>\n\t<div class=\"col-12\">\n\t\t<p><span class=\"wpcf7-form-control-wrap\" data-name=\"your-message\"><textarea cols=\"40\" rows=\"10\" class=\"wpcf7-form-control wpcf7-textarea\" aria-invalid=\"false\" placeholder=\"Mensaje\" name=\"your-message\"><\/textarea><\/span>\n\t\t<\/p>\n\t<\/div>\n\t<div id=\"cf7sr-69e107faf0e0a\" class=\"cf7sr-g-recaptcha\" data-theme=\"light\" data-type=\"image\" data-size=\"normal\" data-sitekey=\"6Lft1kshAAAAAHUh9_cQYQRg8oz33kJ62u9DlYZ0\"><\/div><span class=\"wpcf7-form-control-wrap cf7sr-recaptcha\" data-name=\"cf7sr-recaptcha\"><input type=\"hidden\" name=\"cf7sr-recaptcha\" value=\"\" class=\"wpcf7-form-control\"><\/span>\n\t<\/p>\n\t<div class=\"col-12\">\n\t\t<p><input class=\"wpcf7-form-control has-spinner wpcf7-submit\" type=\"submit\" value=\"Enviar Mensaje\" \/>\n\t\t<\/p>\n\t<\/div>\n<\/div><p style=\"display: none !important;\" class=\"akismet-fields-container\" data-prefix=\"_wpcf7_ak_\"><label>&#916;<textarea name=\"_wpcf7_ak_hp_textarea\" cols=\"45\" rows=\"8\" maxlength=\"100\"><\/textarea><\/label><input type=\"hidden\" id=\"ak_js_1\" name=\"_wpcf7_ak_js\" value=\"29\"\/><script>document.getElementById( \"ak_js_1\" ).setAttribute( \"value\", ( new Date() ).getTime() );<\/script><\/p><div class=\"wpcf7-response-output\" aria-hidden=\"true\"><\/div>\n<\/form>\n<\/div>\n[\/vc_column_text][\/vc_column][vc_column width=\u00bb1\/3&#8243;][vc_column_text]\n<h6><b>Guayaquil:<\/b><\/h6>\n<p>Tel\u00e9fono: 04 2259071 &#8211; 098 386 5056 &#8211; 096 906 2239<br \/>\nEmail:<br \/>\n<a href=\"mailto:ventasgye@improgyp.com\">ventasgye@improgyp.com<\/a> &#8211; <a href=\"mailto:ventasgye1@improgyp.com\">ventasgye1@improgyp.com<\/a><\/p>\n<h6><b>Quito:<\/b><\/h6>\n<p>Tel\u00e9fono: 02 2839411 &#8211; 02 2839112 &#8211; 099 880 4078<br \/>\nEmail: <a href=\"mailto:ventasuio@improgyp.com\">ventasuio@improgyp.com<\/a> <a href=\"mailto:ventasuio1@improgyp.com\">ventasuio1@improgyp.com<\/a><\/p>\n<h6><b>Dur\u00e1n:<\/b><\/h6>\n<p>Tel\u00e9fono: 04 2156052 &#8211; 04 2156048 &#8211; 098 338 3993<br \/>\nEmail: <a href=\"mailto:ventasduran@improgyp.com\">ventasduran@improgyp.com<\/a><\/p>\n<h6><b>Manta:<\/b><\/h6>\n<p>Tel\u00e9fono: 096 299 6646<br \/>\nEmail: <a href=\"mailto:ventasmanta@improgyp.com\">ventasmanta@improgyp.com<\/a><\/p>\n<h6><b>Redes Sociales:<\/b><\/h6>\n<div class=\"shortcode-wrapper shortcode-social-icons\"><ul class=\"social-icons dark small\"><li class=\"facebook\"><a href=\"https:\/\/www.facebook.com\/improgyp\" target=\"_self\"><i class=\"hb-moon-facebook\"><\/i><i class=\"hb-moon-facebook\"><\/i><\/a><\/li><li class=\"instagram\"><a href=\"https:\/\/www.instagram.com\/improgyp\/\" target=\"_self\"><i class=\"hb-moon-instagram\"><\/i><i class=\"hb-moon-instagram\"><\/i><\/a><\/li><li class=\"pinterest\"><a href=\"https:\/\/pin.it\/76Kwop3\" target=\"_self\"><i class=\"hb-moon-pinterest\"><\/i><i class=\"hb-moon-pinterest\"><\/i><\/a><\/li><li class=\"youtube\"><a href=\"https:\/\/www.youtube.com\/channel\/UCwFjwJuiElH4m2a0uY5Ji3A?view_as=subscriber\" target=\"_self\"><i class=\"hb-moon-youtube\"><\/i><i class=\"hb-moon-youtube\"><\/i><\/a><\/li><\/ul><\/div>[\/vc_column_text][\/vc_column][\/vc_row]\n","protected":false},"excerpt":{"rendered":"<p>[vc_row][vc_column width=\u00bb2\/3&#8243;][vc_column_text][\/vc_column_text][\/vc_column][vc_column width=\u00bb1\/3&#8243;][vc_column_text] Guayaquil: Tel\u00e9fono: 04 2259071 &#8211; 098 386 5056 &#8211; 096 906 2239 Email: ventasgye@improgyp.com &#8211; ventasgye1@improgyp.com Quito: Tel\u00e9fono: 02 2839411 &#8211; 02 2839112 &#8211; 099 880 4078 Email: ventasuio@improgyp.com ventasuio1@improgyp.com Dur\u00e1n: Tel\u00e9fono: 04 2156052 &#8211; 04 2156048 &#8211; 098 338 3993 Email: ventasduran@improgyp.com Manta: Tel\u00e9fono: 096 299 6646 Email: ventasmanta@improgyp.com Redes Sociales: [&hellip;]<\/p>\n","protected":false},"author":1,"featured_media":0,"parent":0,"menu_order":0,"comment_status":"closed","ping_status":"closed","template":"","meta":{"_monsterinsights_skip_tracking":false,"_monsterinsights_sitenote_active":false,"_monsterinsights_sitenote_note":"","_monsterinsights_sitenote_category":0,"_joinchat":[]},"_links":{"self":[{"href":"https:\/\/improgyp.com.ec\/ec\/wp-json\/wp\/v2\/pages\/190"}],"collection":[{"href":"https:\/\/improgyp.com.ec\/ec\/wp-json\/wp\/v2\/pages"}],"about":[{"href":"https:\/\/improgyp.com.ec\/ec\/wp-json\/wp\/v2\/types\/page"}],"author":[{"embeddable":true,"href":"https:\/\/improgyp.com.ec\/ec\/wp-json\/wp\/v2\/users\/1"}],"replies":[{"embeddable":true,"href":"https:\/\/improgyp.com.ec\/ec\/wp-json\/wp\/v2\/comments?post=190"}],"version-history":[{"count":26,"href":"https:\/\/improgyp.com.ec\/ec\/wp-json\/wp\/v2\/pages\/190\/revisions"}],"predecessor-version":[{"id":6413,"href":"https:\/\/improgyp.com.ec\/ec\/wp-json\/wp\/v2\/pages\/190\/revisions\/6413"}],"wp:attachment":[{"href":"https:\/\/improgyp.com.ec\/ec\/wp-json\/wp\/v2\/media?parent=190"}],"curies":[{"name":"wp","href":"https:\/\/api.w.org\/{rel}","templated":true}]}}