{"id":1572,"date":"2014-04-15T05:42:48","date_gmt":"2014-04-15T03:42:48","guid":{"rendered":"http:\/\/hb-themes.com\/themes\/highend_wp\/?page_id=1572"},"modified":"2020-05-23T16:22:46","modified_gmt":"2020-05-23T20:22:46","slug":"home-shop","status":"publish","type":"page","link":"https:\/\/improgyp.com.ec\/ec\/","title":{"rendered":"Home &#8211; Shop"},"content":{"rendered":"[vc_row][vc_column]<div class=\"shortcode-wrapper shortcode-title clearfix hb-aligncenter hb-animate-element bottom-to-top\"><div class=\"\"><h3 style=\"color:#000000!important;border-color:#000000\" class=\"hb-bordered-heading \">Nosotros<\/h3><\/div><\/div><div class=\"shortcode-wrapper shortcode-spacer clearfix\"><div class=\"spacer\"><\/div><\/div>[vc_column_text]Tenemos m\u00e1s de 12 a\u00f1os importando y distribuyendo materiales para el sistema Drywall y Steel frame a nivel nacional, lo que nos ha convertido en el m\u00e1s completo proveedor en la industria de la construcci\u00f3n en seco.<br \/>\nSomos distribuidores directos de f\u00e1brica y proveemos a peque\u00f1as y grandes obras.[\/vc_column_text][vc_row_inner][vc_column_inner width=\u00bb1\/2&#8243;][\/vc_column_inner][vc_column_inner width=\u00bb1\/2&#8243;][\/vc_column_inner][\/vc_row_inner][\/vc_column][\/vc_row][vc_row margin_bottom=\u00bb0&#8243;][vc_column]<div class=\"shortcode-wrapper shortcode-title clearfix hb-aligncenter hb-animate-element bottom-to-top\"><div class=\"\"><h3 style=\"color:#000000!important;border-color:#000000\" class=\"hb-bordered-heading \">Productos Destacados<\/h3><\/div><\/div><div class=\"shortcode-wrapper shortcode-spacer clearfix\"><div class=\"spacer\"><\/div><\/div><div class=\"woocommerce columns-4 \"><div class=\"row products clearfix products-4\">\n<div class=\"hb-woo-product last col-3 hb-animate-element top-to-bottom post-6017 product type-product status-publish has-post-thumbnail hentry product_cat-aislamiento product_tag-acustico product_tag-aislamiento product_tag-ecobatt product_tag-termico\">\n\n\t\n\t<a href=\"https:\/\/improgyp.com.ec\/ec\/product\/ecobatt\/\">\n\t<div class=\"hb-woo-image-wrap\">\n \n\t\t<div class=\"woo-category-wrap\"><img src=\"https:\/\/improgyp.com.ec\/ec\/wp-content\/uploads\/2020\/04\/acustico1-600x600.png\" width=\"600\" height=\"600\"><\/div><img src=\"https:\/\/improgyp.com.ec\/ec\/wp-content\/uploads\/2020\/04\/acustico1_1-600x600.png\" alt=\"Ecobatt\" class=\"product-hover-image\" title=\"Ecobatt\">\t\t\n\t\t<span class=\"product-loading-icon\"><\/span>\n\t\t\n\t\t\t\n\t\t\t\t\t<\/div>\n\t<\/a>\n\n\t<div class=\"hb-product-meta-wrapper clearfix\">\n\t<div class=\"hb-product-meta\">\n\n\t\t<div class=\"hb-woo-product-details\">\n\t\t\t<a href=\"https:\/\/improgyp.com.ec\/ec\/product\/ecobatt\/\"><\/a>\n\t\t\t\t\t\t<div class=\"woo-cats\"><span class=\"hb-woo-shop-cats\"> <a href=\"https:\/\/improgyp.com.ec\/ec\/product-category\/aislamiento\/\" rel=\"tag\">Aislamiento<\/a><\/span><\/div>\n\t\t<\/div>\n\n\t\t\n\t<\/div>\n\n\t\n<\/div>\n<\/div>\n\n<div class=\"clear\"><\/div>\n<div class=\"hb-woo-product last col-3 hb-animate-element top-to-bottom post-5982 product type-product status-publish has-post-thumbnail hentry product_cat-cintas product_tag-cinta product_tag-knauf product_tag-yeso\">\n\n\t\n\t<a href=\"https:\/\/improgyp.com.ec\/ec\/product\/juntas-knauf\/\">\n\t<div class=\"hb-woo-image-wrap\">\n \n\t\t<div class=\"woo-category-wrap\"><img src=\"https:\/\/improgyp.com.ec\/ec\/wp-content\/uploads\/2020\/04\/cinta1-600x600.png\" width=\"600\" height=\"600\"><\/div>\t\t\n\t\t<span class=\"product-loading-icon\"><\/span>\n\t\t\n\t\t\t\n\t\t\t\t\t<\/div>\n\t<\/a>\n\n\t<div class=\"hb-product-meta-wrapper clearfix\">\n\t<div class=\"hb-product-meta\">\n\n\t\t<div class=\"hb-woo-product-details\">\n\t\t\t<a href=\"https:\/\/improgyp.com.ec\/ec\/product\/juntas-knauf\/\"><\/a>\n\t\t\t\t\t\t<div class=\"woo-cats\"><span class=\"hb-woo-shop-cats\"> <a href=\"https:\/\/improgyp.com.ec\/ec\/product-category\/cintas\/\" rel=\"tag\">Cintas<\/a><\/span><\/div>\n\t\t<\/div>\n\n\t\t\n\t<\/div>\n\n\t\n<\/div>\n<\/div>\n\n<div class=\"clear\"><\/div>\n<div class=\"hb-woo-product last col-3 hb-animate-element top-to-bottom post-5991 product type-product status-publish has-post-thumbnail hentry product_cat-cintas product_tag-cinta product_tag-malla product_tag-provind\">\n\n\t\n\t<a href=\"https:\/\/improgyp.com.ec\/ec\/product\/malla\/\">\n\t<div class=\"hb-woo-image-wrap\">\n \n\t\t<div class=\"woo-category-wrap\"><img src=\"https:\/\/improgyp.com.ec\/ec\/wp-content\/uploads\/2020\/04\/cinta4-600x600.png\" width=\"600\" height=\"600\"><\/div>\t\t\n\t\t<span class=\"product-loading-icon\"><\/span>\n\t\t\n\t\t\t\n\t\t\t\t\t<\/div>\n\t<\/a>\n\n\t<div class=\"hb-product-meta-wrapper clearfix\">\n\t<div class=\"hb-product-meta\">\n\n\t\t<div class=\"hb-woo-product-details\">\n\t\t\t<a href=\"https:\/\/improgyp.com.ec\/ec\/product\/malla\/\"><\/a>\n\t\t\t\t\t\t<div class=\"woo-cats\"><span class=\"hb-woo-shop-cats\"> <a href=\"https:\/\/improgyp.com.ec\/ec\/product-category\/cintas\/\" rel=\"tag\">Cintas<\/a><\/span><\/div>\n\t\t<\/div>\n\n\t\t\n\t<\/div>\n\n\t\n<\/div>\n<\/div>\n\n<div class=\"clear\"><\/div>\n<div class=\"hb-woo-product last col-3 hb-animate-element top-to-bottom post-5993 product type-product status-publish has-post-thumbnail hentry product_cat-cintas product_tag-cinta product_tag-juntas product_tag-provind\">\n\n\t\n\t<a href=\"https:\/\/improgyp.com.ec\/ec\/product\/malla-exteriores\/\">\n\t<div class=\"hb-woo-image-wrap\">\n \n\t\t<div class=\"woo-category-wrap\"><img src=\"https:\/\/improgyp.com.ec\/ec\/wp-content\/uploads\/2020\/04\/cinta5-600x600.png\" width=\"600\" height=\"600\"><\/div>\t\t\n\t\t<span class=\"product-loading-icon\"><\/span>\n\t\t\n\t\t\t\n\t\t\t\t\t<\/div>\n\t<\/a>\n\n\t<div class=\"hb-product-meta-wrapper clearfix\">\n\t<div class=\"hb-product-meta\">\n\n\t\t<div class=\"hb-woo-product-details\">\n\t\t\t<a href=\"https:\/\/improgyp.com.ec\/ec\/product\/malla-exteriores\/\"><\/a>\n\t\t\t\t\t\t<div class=\"woo-cats\"><span class=\"hb-woo-shop-cats\"> <a href=\"https:\/\/improgyp.com.ec\/ec\/product-category\/cintas\/\" rel=\"tag\">Cintas<\/a><\/span><\/div>\n\t\t<\/div>\n\n\t\t\n\t<\/div>\n\n\t\n<\/div>\n<\/div>\n\n<div class=\"clear\"><\/div><\/div><\/div><div class=\"woocommerce columns-4 \"><div class=\"row products clearfix products-4\">\n<div class=\"hb-woo-product last col-3 hb-animate-element top-to-bottom post-5943 product type-product status-publish has-post-thumbnail hentry product_cat-placas product_tag-aquapanel product_tag-placa\">\n\n\t\n\t<a href=\"https:\/\/improgyp.com.ec\/ec\/product\/aquapanel\/\">\n\t<div class=\"hb-woo-image-wrap\">\n \n\t\t<div class=\"woo-category-wrap\"><img src=\"https:\/\/improgyp.com.ec\/ec\/wp-content\/uploads\/2020\/04\/aquapanel-600x600.png\" width=\"600\" height=\"600\"><\/div>\t\t\n\t\t<span class=\"product-loading-icon\"><\/span>\n\t\t\n\t\t\t\n\t\t\t\t\t<\/div>\n\t<\/a>\n\n\t<div class=\"hb-product-meta-wrapper clearfix\">\n\t<div class=\"hb-product-meta\">\n\n\t\t<div class=\"hb-woo-product-details\">\n\t\t\t<a href=\"https:\/\/improgyp.com.ec\/ec\/product\/aquapanel\/\"><\/a>\n\t\t\t\t\t\t<div class=\"woo-cats\"><span class=\"hb-woo-shop-cats\"> <a href=\"https:\/\/improgyp.com.ec\/ec\/product-category\/placas\/\" rel=\"tag\">Placas<\/a><\/span><\/div>\n\t\t<\/div>\n\n\t\t\n\t<\/div>\n\n\t\n<\/div>\n<\/div>\n\n<div class=\"clear\"><\/div>\n<div class=\"hb-woo-product last col-3 hb-animate-element top-to-bottom post-6000 product type-product status-publish has-post-thumbnail hentry product_cat-cintas product_tag-certainteed product_tag-cinta product_tag-drywall\">\n\n\t\n\t<a href=\"https:\/\/improgyp.com.ec\/ec\/product\/certainteed\/\">\n\t<div class=\"hb-woo-image-wrap\">\n \n\t\t<div class=\"woo-category-wrap\"><img src=\"https:\/\/improgyp.com.ec\/ec\/wp-content\/uploads\/2020\/04\/cinta7-600x600.png\" width=\"600\" height=\"600\"><\/div>\t\t\n\t\t<span class=\"product-loading-icon\"><\/span>\n\t\t\n\t\t\t\n\t\t\t\t\t<\/div>\n\t<\/a>\n\n\t<div class=\"hb-product-meta-wrapper clearfix\">\n\t<div class=\"hb-product-meta\">\n\n\t\t<div class=\"hb-woo-product-details\">\n\t\t\t<a href=\"https:\/\/improgyp.com.ec\/ec\/product\/certainteed\/\"><\/a>\n\t\t\t\t\t\t<div class=\"woo-cats\"><span class=\"hb-woo-shop-cats\"> <a href=\"https:\/\/improgyp.com.ec\/ec\/product-category\/cintas\/\" rel=\"tag\">Cintas<\/a><\/span><\/div>\n\t\t<\/div>\n\n\t\t\n\t<\/div>\n\n\t\n<\/div>\n<\/div>\n\n<div class=\"clear\"><\/div>\n<div class=\"hb-woo-product last col-3 hb-animate-element top-to-bottom post-5958 product type-product status-publish has-post-thumbnail hentry product_cat-masillas product_tag-juntas product_tag-masilla product_tag-ready product_tag-ready-mas\">\n\n\t\n\t<a href=\"https:\/\/improgyp.com.ec\/ec\/product\/ready-mas\/\">\n\t<div class=\"hb-woo-image-wrap\">\n \n\t\t<div class=\"woo-category-wrap\"><img src=\"https:\/\/improgyp.com.ec\/ec\/wp-content\/uploads\/2020\/06\/Masilla-Juntas-y-Terminaci\u00f3n-600x600.jpg\" width=\"600\" height=\"600\"><\/div>\t\t\n\t\t<span class=\"product-loading-icon\"><\/span>\n\t\t\n\t\t\t\n\t\t\t\t\t<\/div>\n\t<\/a>\n\n\t<div class=\"hb-product-meta-wrapper clearfix\">\n\t<div class=\"hb-product-meta\">\n\n\t\t<div class=\"hb-woo-product-details\">\n\t\t\t<a href=\"https:\/\/improgyp.com.ec\/ec\/product\/ready-mas\/\"><\/a>\n\t\t\t\t\t\t<div class=\"woo-cats\"><span class=\"hb-woo-shop-cats\"> <a href=\"https:\/\/improgyp.com.ec\/ec\/product-category\/masillas\/\" rel=\"tag\">Masillas<\/a><\/span><\/div>\n\t\t<\/div>\n\n\t\t\n\t<\/div>\n\n\t\n<\/div>\n<\/div>\n\n<div class=\"clear\"><\/div>\n<div class=\"hb-woo-product last col-3 hb-animate-element top-to-bottom post-5946 product type-product status-publish has-post-thumbnail hentry product_cat-placas product_tag-knauf product_tag-placa product_tag-spglass\">\n\n\t\n\t<a href=\"https:\/\/improgyp.com.ec\/ec\/product\/spglass\/\">\n\t<div class=\"hb-woo-image-wrap\">\n \n\t\t<div class=\"woo-category-wrap\"><img src=\"https:\/\/improgyp.com.ec\/ec\/wp-content\/uploads\/2020\/04\/spglass-600x600.png\" width=\"600\" height=\"600\"><\/div>\t\t\n\t\t<span class=\"product-loading-icon\"><\/span>\n\t\t\n\t\t\t\n\t\t\t\t\t<\/div>\n\t<\/a>\n\n\t<div class=\"hb-product-meta-wrapper clearfix\">\n\t<div class=\"hb-product-meta\">\n\n\t\t<div class=\"hb-woo-product-details\">\n\t\t\t<a href=\"https:\/\/improgyp.com.ec\/ec\/product\/spglass\/\"><\/a>\n\t\t\t\t\t\t<div class=\"woo-cats\"><span class=\"hb-woo-shop-cats\"> <a href=\"https:\/\/improgyp.com.ec\/ec\/product-category\/placas\/\" rel=\"tag\">Placas<\/a><\/span><\/div>\n\t\t<\/div>\n\n\t\t\n\t<\/div>\n\n\t\n<\/div>\n<\/div>\n\n<div class=\"clear\"><\/div><\/div><\/div>[\/vc_column][\/vc_row][vc_row fullwidth=\u00bbyes\u00bb bg_type=\u00bbbg_image\u00bb bg_repeat=\u00bbrepeat\u00bb top_margin=\u00bb0&#8243; bottom_margin=\u00bb0&#8243; css=\u00bb.vc_custom_1585318156898{padding-top: 50px !important;padding-bottom: 50px !important;}\u00bb background_color=\u00bb#e0e0e0&#8243;][vc_column width=\u00bb1\/3&#8243;]<div class=\"shortcode-wrapper shortcode-separator clearfix\" ><div class=\"hb-separator\" ><\/div><\/div>[\/vc_column][vc_column width=\u00bb1\/3&#8243;]<div class=\"hb-aligncenter\"><a href=\"\/ec\/catalogo-provind\/\" class=\"hb-button hb-default hb-default-button\" target=\"_self\" style=\"-webkit-border-radius: 2px;-moz-border-radius: 2px;border-radius: 2px;\">VISUALIZA NUESTRO CAT\u00c1LOGO DIGITAL<\/a><\/div>[\/vc_column][vc_column width=\u00bb1\/3&#8243;]<div class=\"shortcode-wrapper shortcode-separator clearfix\" ><div class=\"hb-separator\" ><\/div><\/div>[\/vc_column][\/vc_row][vc_row fullwidth=\u00bbyes\u00bb bg_type=\u00bbbg_image\u00bb top_margin=\u00bb-20&#8243; bottom_margin=\u00bb0&#8243; css=\u00bb.vc_custom_1585320089390{padding-top: 70px !important;padding-bottom: 70px !important;}\u00bb background_color=\u00bb#ffffff\u00bb][vc_column width=\u00bb1\/4&#8243;]<div class=\"shortcode-wrapper shortcode-icon-box clearfix hb-animate-element flip-y\"><div class=\"content-box top-icon\"><i class=\"icon-ok box-icon\"><\/i><div class=\"aligncenter\"><h4 class=\"semi-bold\">Sistema Drywall<\/h4>Perfiler\u00eda en acero galvanizado para la estructura de tumbados y paredes.<br \/>\nLos perfiles para instalaci\u00f3n de GYPSUM son fabricados en acero galvanizado por inmersi\u00f3n en caliente Z120 con norma ASTM-A653.<\/p>\n<a href=\"\/ec\/product-category\/perfiles\/\" class=\"hb-button hb-third-dark hb-default-button no-three-d\" target=\"_self\" style=\"-webkit-border-radius: 2px;-moz-border-radius: 2px;border-radius: 2px;\">Ver Perfiler\u00eda<\/a><\/div><\/div><\/div>[\/vc_column][vc_column width=\u00bb1\/4&#8243;]<div class=\"shortcode-wrapper shortcode-icon-box clearfix hb-animate-element flip-x\"><div class=\"content-box top-icon\"><i class=\"hb-moon-grid-5 box-icon\"><\/i><div class=\"aligncenter\"><h4 class=\"semi-bold\">Sistema Steel Frame<\/h4>Este sistema de construcci\u00f3n en seco se adecua a su necesidad arquitect\u00f3nica, sin l\u00edmites ya que otorga libertad absoluta a la hora de generar nuevos dise\u00f1os, obteniendo distintas alturas y formas.<\/p>\n<a href=\"\/ec\/product-category\/perfiles\/\" class=\"hb-button hb-third-dark hb-default-button no-three-d\" target=\"_self\" style=\"-webkit-border-radius: 2px;-moz-border-radius: 2px;border-radius: 2px;\">Ver Sistemas<\/a><\/div><\/div><\/div>[\/vc_column][vc_column width=\u00bb1\/4&#8243;]<div class=\"shortcode-wrapper shortcode-icon-box clearfix hb-animate-element flip-x\"><div class=\"content-box top-icon\"><i class=\"hb-moon-chess box-icon\"><\/i><div class=\"aligncenter\"><h4 class=\"semi-bold\">Perfiles de Acero<\/h4>Los perfiles para la instalaci\u00f3n de placas exteriores son fabricados en acero galvanizado por inmersi\u00f3n en caliente Z120 con norma:<br \/>\nASTM-A653 en espesores 0,70mm o 0,90 mm.<\/p>\n<a href=\"\/ec\/product-category\/perfiles\/\" class=\"hb-button hb-third-dark hb-default-button no-three-d\" target=\"_self\" style=\"-webkit-border-radius: 2px;-moz-border-radius: 2px;border-radius: 2px;\">Ver Perfiler\u00eda<\/a><\/div><\/div><\/div>[\/vc_column][vc_column width=\u00bb1\/4&#8243;]<div class=\"shortcode-wrapper shortcode-icon-box clearfix hb-animate-element flip-y\"><div class=\"content-box top-icon\"><i class=\"hb-moon-rating-3 box-icon\"><\/i><div class=\"aligncenter\"><h4 class=\"semi-bold\">Cubiertas Steel Panel<\/h4>Brindan mayor cobertura y resistencia para soportar las cargas de viento y lluvia adem\u00e1s le permiten adaptarse a la estructura manteniendo la est\u00e9tica y dise\u00f1o de la obra en que se est\u00e9 instalando.<\/p>\n<a href=\"\/ec\/product-category\/placas\/\" class=\"hb-button hb-third-dark hb-default-button no-three-d\" target=\"_self\" style=\"-webkit-border-radius: 2px;-moz-border-radius: 2px;border-radius: 2px;\">Ver Cubiertas<\/a><\/div><\/div><\/div>[\/vc_column][\/vc_row][vc_row fullwidth=\u00bbyes\u00bb fw_columns=\u00bbyes\u00bb fw_same_height=\u00bbyes\u00bb bottom_margin=\u00bb-10&#8243;][vc_column][vc_separator][\/vc_column][\/vc_row][vc_row bottom_margin=\u00bb-40&#8243;][vc_column]<div class=\"shortcode-wrapper shortcode-client-carousel client-carousel-wrapper\"><div id=\"carousel-nav-2189\" class=\"crsl-nav\"><a href=\"#\" class=\"previous\"><i class=\"icon-angle-left\"><\/i><\/a><a href=\"#\" class=\"next\"><i class=\"icon-angle-right\"><\/i><\/a><\/div><ul class=\"hb-client-list crsl-items init-carousel columns-6 greyscale clearfix\" id=\"carousel-2189\" data-navigation=\"carousel-nav-2189\" data-visible=\"6\" data-speed=\"5000\" data-auto-rotate=\"true\"><div class=\"crsl-wrap\"><li class=\"crsl-item\"><a href=\"https:\/\/www.provind.com.ec\/\" target=\"_self\"><img src=\"https:\/\/improgyp.com.ec\/ec\/wp-content\/uploads\/2020\/05\/Improgyp.png\" alt=\"\" data-title=\"Optional Caption Here\"\/><\/a><\/li><li class=\"crsl-item\"><a href=\"#\"><img src=\"https:\/\/improgyp.com.ec\/ec\/wp-content\/uploads\/2020\/04\/c8.png\" alt=\"\" data-title=\"Optional Caption Here\"\/><\/a><\/li><li class=\"crsl-item\"><a href=\"http:\/\/www.knauf.com\/es\/index.php\" target=\"_self\"><img src=\"https:\/\/improgyp.com.ec\/ec\/wp-content\/uploads\/2020\/04\/c7-e1590804826862.png\" alt=\"\" data-title=\"Optional Caption Here\"\/><\/a><\/li><li class=\"crsl-item\"><a href=\"#\"><img src=\"https:\/\/improgyp.com.ec\/ec\/wp-content\/uploads\/2020\/04\/c6.png\" alt=\"\" data-title=\"Optional Caption Here\"\/><\/a><\/li><li class=\"crsl-item\"><a href=\"#\"><img src=\"https:\/\/improgyp.com.ec\/ec\/wp-content\/uploads\/2020\/04\/c5.png\" alt=\"\" data-title=\"Optional Caption Here\"\/><\/a><\/li><li class=\"crsl-item\"><a href=\"#\"><img src=\"https:\/\/improgyp.com.ec\/ec\/wp-content\/uploads\/2020\/04\/c4.png\" alt=\"\" data-title=\"Optional Caption Here\"\/><\/a><\/li><li class=\"crsl-item\"><a href=\"#\"><img src=\"https:\/\/improgyp.com.ec\/ec\/wp-content\/uploads\/2020\/04\/c3.png\" alt=\"\" data-title=\"Optional Caption Here\"\/><\/a><\/li><li class=\"crsl-item\"><a href=\"#\"><img src=\"https:\/\/improgyp.com.ec\/ec\/wp-content\/uploads\/2020\/04\/c2.png\" alt=\"\" data-title=\"Optional Caption Here\"\/><\/a><\/li><li class=\"crsl-item\"><a href=\"#\"><img src=\"https:\/\/improgyp.com.ec\/ec\/wp-content\/uploads\/2020\/04\/c1.png\" alt=\"\" data-title=\"Optional Caption Here\"\/><\/a><\/li><\/div><\/ul><\/div>[\/vc_column][\/vc_row]\n","protected":false},"excerpt":{"rendered":"<p>[vc_row][vc_column][vc_column_text]Tenemos m\u00e1s de 12 a\u00f1os importando y distribuyendo materiales para el sistema Drywall y Steel frame a nivel nacional, lo que nos ha convertido en el m\u00e1s completo proveedor en la industria de la construcci\u00f3n en seco. Somos distribuidores directos de f\u00e1brica y proveemos a peque\u00f1as y grandes obras.[\/vc_column_text][vc_row_inner][vc_column_inner width=\u00bb1\/2&#8243;][\/vc_column_inner][vc_column_inner width=\u00bb1\/2&#8243;][\/vc_column_inner][\/vc_row_inner][\/vc_column][\/vc_row][vc_row margin_bottom=\u00bb0&#8243;][vc_column][\/vc_column][\/vc_row][vc_row fullwidth=\u00bbyes\u00bb bg_type=\u00bbbg_image\u00bb bg_repeat=\u00bbrepeat\u00bb [&hellip;]<\/p>\n","protected":false},"author":1,"featured_media":0,"parent":0,"menu_order":0,"comment_status":"closed","ping_status":"closed","template":"","meta":{"_monsterinsights_skip_tracking":false,"_monsterinsights_sitenote_active":false,"_monsterinsights_sitenote_note":"","_monsterinsights_sitenote_category":0,"_joinchat":[]},"_links":{"self":[{"href":"https:\/\/improgyp.com.ec\/ec\/wp-json\/wp\/v2\/pages\/1572"}],"collection":[{"href":"https:\/\/improgyp.com.ec\/ec\/wp-json\/wp\/v2\/pages"}],"about":[{"href":"https:\/\/improgyp.com.ec\/ec\/wp-json\/wp\/v2\/types\/page"}],"author":[{"embeddable":true,"href":"https:\/\/improgyp.com.ec\/ec\/wp-json\/wp\/v2\/users\/1"}],"replies":[{"embeddable":true,"href":"https:\/\/improgyp.com.ec\/ec\/wp-json\/wp\/v2\/comments?post=1572"}],"version-history":[{"count":95,"href":"https:\/\/improgyp.com.ec\/ec\/wp-json\/wp\/v2\/pages\/1572\/revisions"}],"predecessor-version":[{"id":6299,"href":"https:\/\/improgyp.com.ec\/ec\/wp-json\/wp\/v2\/pages\/1572\/revisions\/6299"}],"wp:attachment":[{"href":"https:\/\/improgyp.com.ec\/ec\/wp-json\/wp\/v2\/media?parent=1572"}],"curies":[{"name":"wp","href":"https:\/\/api.w.org\/{rel}","templated":true}]}}